{"id":1223,"date":"2019-08-16T16:26:54","date_gmt":"2019-08-16T14:26:54","guid":{"rendered":"http:\/\/africasium.com\/?page_id=1223"},"modified":"2024-02-27T16:16:05","modified_gmt":"2024-02-27T15:16:05","slug":"about-us-2-2-2","status":"publish","type":"page","link":"https:\/\/africasium.com\/?page_id=1223","title":{"rendered":"A propos"},"content":{"rendered":"\t\t<div data-elementor-type=\"wp-post\" data-elementor-id=\"1223\" class=\"elementor elementor-1223\">\n\t\t\t\t\t\t<section class=\"elementor-section elementor-top-section elementor-element elementor-element-377f986e elementor-section-boxed elementor-section-height-default elementor-section-height-default\" data-id=\"377f986e\" data-element_type=\"section\">\n\t\t\t\t\t\t<div class=\"elementor-container elementor-column-gap-default\">\n\t\t\t\t\t<div class=\"elementor-column elementor-col-100 elementor-top-column elementor-element elementor-element-238d8262\" data-id=\"238d8262\" data-element_type=\"column\">\n\t\t\t<div class=\"elementor-widget-wrap elementor-element-populated\">\n\t\t\t\t\t\t<div class=\"elementor-element elementor-element-2b0af71b elementor-widget elementor-widget-text-editor\" data-id=\"2b0af71b\" data-element_type=\"widget\" data-widget_type=\"text-editor.default\">\n\t\t\t\t<div class=\"elementor-widget-container\">\n\t\t\t\t\t\t\t\t\t<p>[vc_row full_width=&#8221;stretch_row_content_no_spaces&#8221; css=&#8221;.vc_custom_1519298346185{padding-left: 100px;background-color: #ffffff !important}&#8221;]<\/p><div class=\"section-title center\"><h2 style=\"color:\"> Qui sommes-nous ?<\/h2><hr style=\"background:\"><\/div><p style=\"text-align: center;\">\u00a0 \u00a0 \u00a0 \u00a0 \u00a0 \u00a0 \u00a0 \u00a0Africasium est une soci\u00e9t\u00e9 d&#8217;\u00e9tudes de march\u00e9s et d&#8217;intelligence \u00e9conomique d\u00e9di\u00e9e au d\u00e9veloppement des affaires dans les march\u00e9s africains.\u00a0 \u00a0\u00a0<\/p><p>[vc_row full_width=&#8221;stretch_row_content_n0_spaces&#8221; equal_height=&#8221;yes&#8221; content_placement=&#8221;middle&#8221; css=&#8221;.&#8221;\u00a0 ]<\/p><p>[vc_column width=&#8221;1\/6&#8243; offset=&#8221;vc_col-lg-6 vc_col-md-6&#8243; css=&#8221;.vc_custom_1566393631193{margin-left: 5px !important;}&#8221;][vc_single_image image=&#8221;582&#8243; img_size=&#8221;large&#8221;][\/vc_column]<\/p><p>[vc_column css_animation=&#8221;none&#8221; width=&#8221;1\/6&#8243; css=&#8221;.vc_custom_1566394073600{margin-top: 1px !important;margin-right: 1px !important;margin-left: 15px !important;padding-left:15px; border-top-width: 10px !important;border-right-width: 10px !important;border-bottom-width: 10px !important;border-left-width: 10px !important;}&#8221;]<div class=\"startup\"><div class=\"boxs  text-left top\"><img decoding=\"async\" src=\"https:\/\/africasium.com\/wp-content\/uploads\/2019\/08\/iconmonstr-crosshair-3.jpg\" alt=\"Mission\"><h4>Mission<\/h4><p><\/p><p style=\"text-align: left;\">Notre mission est de fournir des donn\u00e9es, informations et recommandations strat\u00e9giques sur les march\u00e9s et les consommateurs africains, ainsi que des solutions de support op\u00e9rationnel.<\/p><p><\/p><\/div><\/div>[\/vc_column]<\/p><p>[vc_column width=&#8221;1\/6&#8243; css=&#8221;.vc_custom_1566394002887{margin-top: 1px !important;margin-right: 1px !important;margin-bottom: 1px !important;margin-left: 1px !important;border-top-width: 10px !important;border-right-width: 10px !important;border-bottom-width: 10px !important;border-left-width: 10px !important;}&#8221;]<div class=\"startup\"><div class=\"boxs   top\"><img decoding=\"async\" src=\"https:\/\/africasium.com\/wp-content\/uploads\/2019\/08\/iconmonstr-idea-13-240-1.jpg\" alt=\"Approche\"><h4>Approche<\/h4><p><\/p><p>Notre approche combine la collecte de donn\u00e9es de haute qualit\u00e9 \u00e0 la puissance d\u2019analyse pour aider nos clients \u00e0 prendre des d\u00e9cisions bas\u00e9es sur des \u00e9l\u00e9ments factuels, en phase avec la r\u00e9alit\u00e9 du terrain et des march\u00e9s.<\/p><\/div><\/div>[\/vc_column]<\/p><p>[vc_column width=&#8221;1\/6&#8243; css=&#8221;.vc_custom_1566394137017{margin-top: 1px !important;margin-right: 1px !important;margin-bottom: 1px !important;margin-left: 1px !important;border-top-width: 10px !important;border-right-width: 10px !important;border-bottom-width: 10px !important;border-left-width: 10px !important;}&#8221;]<div class=\"startup\"><div class=\"boxs   top\"><img decoding=\"async\" src=\"https:\/\/africasium.com\/wp-content\/uploads\/2019\/08\/iconmonstr-globe-5-240-1.jpg\" alt=\"Presence\"><h4>Presence<\/h4><p><\/p><p>Depuis notre base \u00e0 Abidjan, nos op\u00e9rations couvrent plusieurs pays d\u2019Afrique francophone, notamment la C\u00f4te d\u2019Ivoire, le S\u00e9n\u00e9gal, le Mali, le Burkina-Faso, le Cameroun, le Gabon et la R\u00e9publique D\u00e9mocratique du Congo.<\/p><\/div><\/div>[\/vc_column]<\/p><p>[\/vc_row]<\/p>\t\t\t\t\t\t\t\t<\/div>\n\t\t\t\t<\/div>\n\t\t\t\t\t<\/div>\n\t\t<\/div>\n\t\t\t\t\t<\/div>\n\t\t<\/section>\n\t\t\t\t<\/div>\n\t\t","protected":false},"excerpt":{"rendered":"<p>[vc_row full_width=&#8221;stretch_row_content_no_spaces&#8221; css=&#8221;.vc_custom_1519298346185{padding-left: 100px;background-color: #ffffff !important}&#8221;] \u00a0 \u00a0 \u00a0 \u00a0 \u00a0 \u00a0 \u00a0 \u00a0Africasium est une soci\u00e9t\u00e9 d&#8217;\u00e9tudes de march\u00e9s et d&#8217;intelligence \u00e9conomique d\u00e9di\u00e9e au d\u00e9veloppement des affaires dans les march\u00e9s africains.\u00a0 \u00a0\u00a0 [vc_row full_width=&#8221;stretch_row_content_n0_spaces&#8221; equal_height=&#8221;yes&#8221; content_placement=&#8221;middle&#8221; css=&#8221;.&#8221;\u00a0 ] [vc_column width=&#8221;1\/6&#8243; offset=&#8221;vc_col-lg-6 vc_col-md-6&#8243; css=&#8221;.vc_custom_1566393631193{margin-left: 5px !important;}&#8221;][vc_single_image image=&#8221;582&#8243; img_size=&#8221;large&#8221;][\/vc_column] [vc_column css_animation=&#8221;none&#8221; width=&#8221;1\/6&#8243; css=&#8221;.vc_custom_1566394073600{margin-top: 1px !important;margin-right: 1px<\/p>\n<div class=\"text-left\"><a class=\"btnklb btn-download-w\" href=\"https:\/\/africasium.com\/?page_id=1223\" >READ MORE<\/a><\/div>\n","protected":false},"author":1,"featured_media":0,"parent":0,"menu_order":0,"comment_status":"closed","ping_status":"closed","template":"","meta":{"footnotes":""},"class_list":["post-1223","page","type-page","status-publish","hentry"],"_links":{"self":[{"href":"https:\/\/africasium.com\/index.php?rest_route=\/wp\/v2\/pages\/1223"}],"collection":[{"href":"https:\/\/africasium.com\/index.php?rest_route=\/wp\/v2\/pages"}],"about":[{"href":"https:\/\/africasium.com\/index.php?rest_route=\/wp\/v2\/types\/page"}],"author":[{"embeddable":true,"href":"https:\/\/africasium.com\/index.php?rest_route=\/wp\/v2\/users\/1"}],"replies":[{"embeddable":true,"href":"https:\/\/africasium.com\/index.php?rest_route=%2Fwp%2Fv2%2Fcomments&post=1223"}],"version-history":[{"count":364,"href":"https:\/\/africasium.com\/index.php?rest_route=\/wp\/v2\/pages\/1223\/revisions"}],"predecessor-version":[{"id":3484,"href":"https:\/\/africasium.com\/index.php?rest_route=\/wp\/v2\/pages\/1223\/revisions\/3484"}],"wp:attachment":[{"href":"https:\/\/africasium.com\/index.php?rest_route=%2Fwp%2Fv2%2Fmedia&parent=1223"}],"curies":[{"name":"wp","href":"https:\/\/api.w.org\/{rel}","templated":true}]}}