{"id":2663,"date":"2019-09-16T18:34:29","date_gmt":"2019-09-16T16:34:29","guid":{"rendered":"http:\/\/africasium.com\/?page_id=2663"},"modified":"2024-02-27T16:14:31","modified_gmt":"2024-02-27T15:14:31","slug":"contact-us","status":"publish","type":"page","link":"https:\/\/africasium.com\/?page_id=2663&lang=en","title":{"rendered":"Contact us"},"content":{"rendered":"\t\t<div data-elementor-type=\"wp-post\" data-elementor-id=\"2663\" class=\"elementor elementor-2663\">\n\t\t\t\t\t\t<section class=\"elementor-section elementor-top-section elementor-element elementor-element-d2bd3a9 elementor-section-stretched elementor-section-full_width elementor-section-height-default elementor-section-height-default\" data-id=\"d2bd3a9\" data-element_type=\"section\" data-settings=\"{&quot;stretch_section&quot;:&quot;section-stretched&quot;}\">\n\t\t\t\t\t\t<div class=\"elementor-container elementor-column-gap-no\">\n\t\t\t\t\t<div class=\"elementor-column elementor-col-100 elementor-top-column elementor-element elementor-element-334d3b3d\" data-id=\"334d3b3d\" data-element_type=\"column\">\n\t\t\t<div class=\"elementor-widget-wrap elementor-element-populated\">\n\t\t\t\t\t\t<div class=\"elementor-element elementor-element-15dd307b elementor-drop-cap-yes elementor-drop-cap-view-default elementor-widget elementor-widget-text-editor\" data-id=\"15dd307b\" data-element_type=\"widget\" data-settings=\"{&quot;drop_cap&quot;:&quot;yes&quot;}\" data-widget_type=\"text-editor.default\">\n\t\t\t\t<div class=\"elementor-widget-container\">\n\t\t\t\t\t\t\t\t\t<p>[vc_row full_width=&#8221;stretch_row&#8221; css=&#8221;.vc_custom_1519294129784{padding-top: 110px !important;padding-bottom: 110px !important;background: #ffca59 url(http:\/\/africasium.com\/wp-content\/uploads\/2016\/11\/bg-map-1.png?id=361) !important;background-position: center !important;background-repeat: no-repeat !important;background-size: cover !important;}&#8221;][vc_column]<div class=\"section-title center\"><h2 style=\"color:\"><strong>CONTACT US<\/strong><\/h2><hr style=\"background:#12212f\"><\/div>[vc_row_inner][vc_column_inner width=&#8221;1\/3&#8243;]<div class=\"contact contact-icon-box text-center\"><i class=\"typcn typcn-location-outline fa-2x\"><\/i><p class=\"dark\"><strong>Adresse : 01 BP 2536 Abidjan 01 | Immeuble Borg, 3\u00e8me \u00e9tage, Boulevard Carde, Plateau, Abidjan, C\u00f4te d\u2019Ivoire<\/strong><\/p><\/div>[\/vc_column_inner][vc_column_inner width=&#8221;1\/3&#8243;][vc_empty_space height=&#8221;5px&#8221;]<div class=\"contact contact-icon-box text-center\"><i class=\"typcn typcn-mail fa-2x\"><\/i><p class=\"dark\"><strong>info@africasium.com<\/strong><\/p><\/div>[\/vc_column_inner][vc_column_inner width=&#8221;1\/3&#8243;]<div class=\"contact contact-icon-box text-center\"><i class=\"typcn typcn-phone-outline fa-2x\"><\/i><p class=\"dark\"><strong> +225 27 20 27 03 53 | +225 07 88 72 66 43 | +225 07 77 30 66 17<\/strong><\/p><p><strong> <\/strong><\/p><p><b><br \/><\/b><\/p><\/div>[\/vc_column_inner][\/vc_row_inner][vc_empty_space height=&#8221;50px&#8221;][vc_row_inner][vc_column_inner]<div class=\"section-title center\"><h2 style=\"color:\"><strong>SEND US A MESSAGE <\/strong><\/h2><hr style=\"background:\"><\/div>[\/vc_column_inner][\/vc_row_inner]\n<div class=\"wpcf7 no-js\" id=\"wpcf7-f2670-o1\" lang=\"en-US\" dir=\"ltr\">\n<div class=\"screen-reader-response\"><p role=\"status\" aria-live=\"polite\" aria-atomic=\"true\"><\/p> <ul><\/ul><\/div>\n<form action=\"\/index.php?rest_route=%2Fwp%2Fv2%2Fpages%2F2663#wpcf7-f2670-o1\" method=\"post\" class=\"wpcf7-form init\" aria-label=\"Contact form\" novalidate=\"novalidate\" data-status=\"init\">\n<div style=\"display: none;\">\n<input type=\"hidden\" name=\"_wpcf7\" value=\"2670\" \/>\n<input type=\"hidden\" name=\"_wpcf7_version\" value=\"5.9.8\" \/>\n<input type=\"hidden\" name=\"_wpcf7_locale\" value=\"en_US\" \/>\n<input type=\"hidden\" name=\"_wpcf7_unit_tag\" value=\"wpcf7-f2670-o1\" \/>\n<input type=\"hidden\" name=\"_wpcf7_container_post\" value=\"0\" \/>\n<input type=\"hidden\" name=\"_wpcf7_posted_data_hash\" value=\"\" \/>\n<\/div>\n<p><label><strong> Name <\/strong><br \/>\n<span class=\"wpcf7-form-control-wrap\" data-name=\"Your-name\"><input size=\"40\" maxlength=\"400\" class=\"wpcf7-form-control wpcf7-text wpcf7-validates-as-required\" aria-required=\"true\" aria-invalid=\"false\" value=\"\" type=\"text\" name=\"Your-name\" \/><\/span> <\/label>\n<\/p>\n<p><label> <strong> Email <\/strong><br \/>\n<span class=\"wpcf7-form-control-wrap\" data-name=\"Your\"><input size=\"40\" maxlength=\"400\" class=\"wpcf7-form-control wpcf7-email wpcf7-validates-as-required wpcf7-text wpcf7-validates-as-email\" aria-required=\"true\" aria-invalid=\"false\" value=\"\" type=\"email\" name=\"Your\" \/><\/span> <\/label>\n<\/p>\n<p><label> <strong>Phone number<\/strong><br \/>\n<span class=\"wpcf7-form-control-wrap\" data-name=\"Telephone\"><input size=\"40\" maxlength=\"400\" class=\"wpcf7-form-control wpcf7-email wpcf7-validates-as-required wpcf7-text wpcf7-validates-as-email\" aria-required=\"true\" aria-invalid=\"false\" value=\"\" type=\"email\" name=\"Telephone\" \/><\/span> <\/label>\n<\/p>\n<p><label> <strong>Subject<\/strong><br \/>\n<span class=\"wpcf7-form-control-wrap\" data-name=\"Sujet\"><input size=\"40\" maxlength=\"400\" class=\"wpcf7-form-control wpcf7-text\" aria-invalid=\"false\" value=\"\" type=\"text\" name=\"Sujet\" \/><\/span> <\/label>\n<\/p>\n<p><label><strong> Message<\/strong><br \/>\n<span class=\"wpcf7-form-control-wrap\" data-name=\"Message\"><textarea cols=\"40\" rows=\"10\" maxlength=\"2000\" class=\"wpcf7-form-control wpcf7-textarea\" aria-invalid=\"false\" name=\"Message\"><\/textarea><\/span> <\/label>\n<\/p>\n<p><input class=\"wpcf7-form-control wpcf7-submit has-spinner\" type=\"submit\" value=\"Send\" \/>\n<\/p><p style=\"display: none !important;\" class=\"akismet-fields-container\" data-prefix=\"_wpcf7_ak_\"><label>&#916;<textarea name=\"_wpcf7_ak_hp_textarea\" cols=\"45\" rows=\"8\" maxlength=\"100\"><\/textarea><\/label><input type=\"hidden\" id=\"ak_js_1\" name=\"_wpcf7_ak_js\" value=\"168\"\/><script>document.getElementById( \"ak_js_1\" ).setAttribute( \"value\", ( new Date() ).getTime() );<\/script><\/p><div class=\"wpcf7-response-output\" aria-hidden=\"true\"><\/div>\n<\/form>\n<\/div><p>[vc_column]<div class=\"section-title center\"><h2 style=\"color:\"><strong>FOLLOW US<\/strong><\/h2><hr style=\"background:#12212f\"><\/div>[vc_row_inner][vc_column_inner width=&#8221;1\/3&#8243;]<\/p><p><img decoding=\"async\" class=\"aligncenter\" style=\"color: #616161;\" src=\"http:\/\/africasium.com\/wp-content\/uploads\/2020\/07\/linkedin-e1595866909918.png\" alt=\"\" width=\"50\" height=\"50\" \/>[\/vc_column][\/vc_row]<\/p>\t\t\t\t\t\t\t\t<\/div>\n\t\t\t\t<\/div>\n\t\t\t\t\t<\/div>\n\t\t<\/div>\n\t\t\t\t\t<\/div>\n\t\t<\/section>\n\t\t\t\t<section class=\"elementor-section elementor-top-section elementor-element elementor-element-d14b49d elementor-section-stretched elementor-section-full_width elementor-section-height-default elementor-section-height-default\" data-id=\"d14b49d\" data-element_type=\"section\" data-settings=\"{&quot;stretch_section&quot;:&quot;section-stretched&quot;}\">\n\t\t\t\t\t\t<div class=\"elementor-container elementor-column-gap-no\">\n\t\t\t\t\t<div class=\"elementor-column elementor-col-100 elementor-top-column elementor-element elementor-element-d4c1894\" data-id=\"d4c1894\" data-element_type=\"column\">\n\t\t\t<div class=\"elementor-widget-wrap elementor-element-populated\">\n\t\t\t\t\t\t<div class=\"elementor-element elementor-element-b3b2496 elementor-position-top elementor-widget elementor-widget-image-box\" data-id=\"b3b2496\" data-element_type=\"widget\" data-widget_type=\"image-box.default\">\n\t\t\t\t<div class=\"elementor-widget-container\">\n\t\t\t\t\t<div class=\"elementor-image-box-wrapper\"><figure class=\"elementor-image-box-img\"><img decoding=\"async\" width=\"211\" height=\"48\" src=\"https:\/\/africasium.com\/wp-content\/uploads\/2017\/02\/africasium_white-1.png\" class=\"attachment-full size-full wp-image-2766\" alt=\"\" \/><\/figure><div class=\"elementor-image-box-content\"><p class=\"elementor-image-box-description\">Looking for clarity on market dynamics, consumer trends, competitive landscape or local regulations?<br>Just reach out to us: we will help you unlock business opportunities through reliable on-the-ground research and strategic insights.<\/p><\/div><\/div>\t\t\t\t<\/div>\n\t\t\t\t<\/div>\n\t\t\t\t\t<\/div>\n\t\t<\/div>\n\t\t\t\t\t<\/div>\n\t\t<\/section>\n\t\t\t\t<\/div>\n\t\t","protected":false},"excerpt":{"rendered":"<p>[vc_row full_width=&#8221;stretch_row&#8221; css=&#8221;.vc_custom_1519294129784{padding-top: 110px !important;padding-bottom: 110px !important;background: #ffca59 url(http:\/\/africasium.com\/wp-content\/uploads\/2016\/11\/bg-map-1.png?id=361) !important;background-position: center !important;background-repeat: no-repeat !important;background-size: cover !important;}&#8221;][vc_column][vc_row_inner][vc_column_inner width=&#8221;1\/3&#8243;][\/vc_column_inner][vc_column_inner width=&#8221;1\/3&#8243;][vc_empty_space height=&#8221;5px&#8221;][\/vc_column_inner][vc_column_inner width=&#8221;1\/3&#8243;][\/vc_column_inner][\/vc_row_inner][vc_empty_space height=&#8221;50px&#8221;][vc_row_inner][vc_column_inner][\/vc_column_inner][\/vc_row_inner] [vc_column][vc_row_inner][vc_column_inner width=&#8221;1\/3&#8243;] [\/vc_column][\/vc_row] Looking for clarity on market dynamics, consumer trends, competitive landscape or local regulations?Just reach out to us: we will help you unlock business opportunities through reliable on-the-ground research and strategic insights.<\/p>\n","protected":false},"author":1,"featured_media":0,"parent":0,"menu_order":0,"comment_status":"closed","ping_status":"closed","template":"","meta":{"footnotes":""},"class_list":["post-2663","page","type-page","status-publish","hentry"],"_links":{"self":[{"href":"https:\/\/africasium.com\/index.php?rest_route=\/wp\/v2\/pages\/2663"}],"collection":[{"href":"https:\/\/africasium.com\/index.php?rest_route=\/wp\/v2\/pages"}],"about":[{"href":"https:\/\/africasium.com\/index.php?rest_route=\/wp\/v2\/types\/page"}],"author":[{"embeddable":true,"href":"https:\/\/africasium.com\/index.php?rest_route=\/wp\/v2\/users\/1"}],"replies":[{"embeddable":true,"href":"https:\/\/africasium.com\/index.php?rest_route=%2Fwp%2Fv2%2Fcomments&post=2663"}],"version-history":[{"count":35,"href":"https:\/\/africasium.com\/index.php?rest_route=\/wp\/v2\/pages\/2663\/revisions"}],"predecessor-version":[{"id":3483,"href":"https:\/\/africasium.com\/index.php?rest_route=\/wp\/v2\/pages\/2663\/revisions\/3483"}],"wp:attachment":[{"href":"https:\/\/africasium.com\/index.php?rest_route=%2Fwp%2Fv2%2Fmedia&parent=2663"}],"curies":[{"name":"wp","href":"https:\/\/api.w.org\/{rel}","templated":true}]}}