{"id":2734,"date":"2019-09-18T16:03:40","date_gmt":"2019-09-18T14:03:40","guid":{"rendered":"http:\/\/africasium.com\/?page_id=2734"},"modified":"2024-02-16T17:11:05","modified_gmt":"2024-02-16T16:11:05","slug":"footer-2","status":"publish","type":"page","link":"https:\/\/africasium.com\/?page_id=2734","title":{"rendered":"Footer"},"content":{"rendered":"\t\t<div data-elementor-type=\"wp-post\" data-elementor-id=\"2734\" class=\"elementor elementor-2734\">\n\t\t\t\t\t\t<section class=\"elementor-section elementor-top-section elementor-element elementor-element-79e5676f elementor-section-boxed elementor-section-height-default elementor-section-height-default\" data-id=\"79e5676f\" data-element_type=\"section\">\n\t\t\t\t\t\t<div class=\"elementor-container elementor-column-gap-default\">\n\t\t\t\t\t<div class=\"elementor-column elementor-col-100 elementor-top-column elementor-element elementor-element-59b7166e\" data-id=\"59b7166e\" data-element_type=\"column\">\n\t\t\t<div class=\"elementor-widget-wrap elementor-element-populated\">\n\t\t\t\t\t\t<div class=\"elementor-element elementor-element-4c96c9fe elementor-widget elementor-widget-text-editor\" data-id=\"4c96c9fe\" data-element_type=\"widget\" data-widget_type=\"text-editor.default\">\n\t\t\t\t<div class=\"elementor-widget-container\">\n\t\t\t\t\t\t\t\t\t<p>A la recherche de visibilit\u00e9 sur les dynamiques de march\u00e9s, les habitudes de consommation, l\u2019environnement concurrentiel ou les r\u00e8glementations locales?&nbsp;<\/p><p>Contactez-nous: nous vous aiderons \u00e0 g\u00e9n\u00e9rer de la croissance gr\u00e2ce \u00e0 des donn\u00e9es de march\u00e9s fiables et au support op\u00e9rationnel dont vous avez besoin.<\/p>\t\t\t\t\t\t\t\t<\/div>\n\t\t\t\t<\/div>\n\t\t\t\t\t<\/div>\n\t\t<\/div>\n\t\t\t\t\t<\/div>\n\t\t<\/section>\n\t\t\t\t<\/div>\n\t\t","protected":false},"excerpt":{"rendered":"<p>A la recherche de visibilit\u00e9 sur les dynamiques de march\u00e9s, les habitudes de consommation, l\u2019environnement concurrentiel ou les r\u00e8glementations locales?&nbsp; Contactez-nous: nous vous aiderons \u00e0 g\u00e9n\u00e9rer de la croissance gr\u00e2ce \u00e0 des donn\u00e9es de march\u00e9s fiables et au support op\u00e9rationnel dont vous avez besoin.<\/p>\n","protected":false},"author":1,"featured_media":0,"parent":0,"menu_order":0,"comment_status":"closed","ping_status":"closed","template":"","meta":{"footnotes":""},"class_list":["post-2734","page","type-page","status-publish","hentry"],"_links":{"self":[{"href":"https:\/\/africasium.com\/index.php?rest_route=\/wp\/v2\/pages\/2734"}],"collection":[{"href":"https:\/\/africasium.com\/index.php?rest_route=\/wp\/v2\/pages"}],"about":[{"href":"https:\/\/africasium.com\/index.php?rest_route=\/wp\/v2\/types\/page"}],"author":[{"embeddable":true,"href":"https:\/\/africasium.com\/index.php?rest_route=\/wp\/v2\/users\/1"}],"replies":[{"embeddable":true,"href":"https:\/\/africasium.com\/index.php?rest_route=%2Fwp%2Fv2%2Fcomments&post=2734"}],"version-history":[{"count":6,"href":"https:\/\/africasium.com\/index.php?rest_route=\/wp\/v2\/pages\/2734\/revisions"}],"predecessor-version":[{"id":3084,"href":"https:\/\/africasium.com\/index.php?rest_route=\/wp\/v2\/pages\/2734\/revisions\/3084"}],"wp:attachment":[{"href":"https:\/\/africasium.com\/index.php?rest_route=%2Fwp%2Fv2%2Fmedia&parent=2734"}],"curies":[{"name":"wp","href":"https:\/\/api.w.org\/{rel}","templated":true}]}}