{"id":3152,"date":"2020-09-08T18:09:45","date_gmt":"2020-09-08T16:09:45","guid":{"rendered":"http:\/\/africasium.com\/?page_id=3152"},"modified":"2025-04-23T17:13:45","modified_gmt":"2025-04-23T15:13:45","slug":"insight-3-2","status":"publish","type":"page","link":"https:\/\/africasium.com\/?page_id=3152","title":{"rendered":"Insight F"},"content":{"rendered":"\t\t<div data-elementor-type=\"wp-post\" data-elementor-id=\"3152\" class=\"elementor elementor-3152\">\n\t\t\t\t\t\t<section class=\"elementor-section elementor-top-section elementor-element elementor-element-6cc8feb elementor-section-boxed elementor-section-height-default elementor-section-height-default\" data-id=\"6cc8feb\" data-element_type=\"section\">\n\t\t\t\t\t\t<div class=\"elementor-container elementor-column-gap-default\">\n\t\t\t\t\t<div class=\"elementor-column elementor-col-100 elementor-top-column elementor-element elementor-element-b5b1a91\" data-id=\"b5b1a91\" data-element_type=\"column\">\n\t\t\t<div class=\"elementor-widget-wrap elementor-element-populated\">\n\t\t\t\t\t\t<div class=\"elementor-element elementor-element-9ce4a88 elementor-widget elementor-widget-icon-box\" data-id=\"9ce4a88\" data-element_type=\"widget\" data-widget_type=\"icon-box.default\">\n\t\t\t\t<div class=\"elementor-widget-container\">\n\t\t\t\t\t\t\t<div class=\"elementor-icon-box-wrapper\">\n\n\t\t\t\n\t\t\t\t\t\t<div class=\"elementor-icon-box-content\">\n\n\t\t\t\t\t\t\t\t\t<h1 class=\"elementor-icon-box-title\">\n\t\t\t\t\t\t<span  >\n\t\t\t\t\t\t\t<br><br><br><span style=\"font-family: Raleway, sans-serif;font-size: 31.5px;font-weight: 200\">INSIGHT<\/span> <br>\n\t\t\t\t\t\t<\/span>\n\t\t\t\t\t<\/h1>\n\t\t\t\t\n\t\t\t\t\t\t\t\t\t<p class=\"elementor-icon-box-description\">\n\t\t\t\t\t\tNos comp\u00e9tences analytiques combin\u00e9es \u00e0 une parfaite ma\u00eetrise du terrain et une compr\u00e9hension\nfine des probl\u00e9matiques locales nous permettent de produire r\u00e9guli\u00e8rement des analyses et des\nrapports sur des sujets pertinents relevant de divers secteurs.\n\nCes publications fournissent des informations d\u00e9taill\u00e9es sur le paysage concurrentiel, les\nperformances des fabricants et des marques, les tendances de consommation et la dynamique des\nmarch\u00e9s.<br><br>\t\t\t\t\t<\/p>\n\t\t\t\t\n\t\t\t<\/div>\n\t\t\t\n\t\t<\/div>\n\t\t\t\t\t\t<\/div>\n\t\t\t\t<\/div>\n\t\t\t\t\t<\/div>\n\t\t<\/div>\n\t\t\t\t\t<\/div>\n\t\t<\/section>\n\t\t\t\t<section class=\"elementor-section elementor-top-section elementor-element elementor-element-e186220 elementor-section-boxed elementor-section-height-default elementor-section-height-default\" data-id=\"e186220\" data-element_type=\"section\">\n\t\t\t\t\t\t<div class=\"elementor-container elementor-column-gap-default\">\n\t\t\t\t\t<div class=\"elementor-column elementor-col-100 elementor-top-column elementor-element elementor-element-ecdc21a\" data-id=\"ecdc21a\" data-element_type=\"column\">\n\t\t\t<div class=\"elementor-widget-wrap elementor-element-populated\">\n\t\t\t\t\t\t<div class=\"elementor-element elementor-element-ccc4933 elementor-widget elementor-widget-html\" data-id=\"ccc4933\" data-element_type=\"widget\" data-widget_type=\"html.default\">\n\t\t\t\t<div class=\"elementor-widget-container\">\n\t\t\t\t\t<style id=\"sp_pcp_dynamic_style3634\">#pcp_wrapper-3634:not(.sps-glossary-layout) .sp-pcp-row,#pcp_wrapper-3634 .sps-glossary-items-group .sps-glossary-items-content {margin-right: -10px;margin-left: -10px;}#pcp_wrapper-3634 .sp-pcp-row [class*='sp-pcp-col-']{padding-right: 10px;padding-left: 10px; padding-bottom:20px;}.pcp-wrapper-3634 .sp-pcp-title a {color: #111;display: inherit;} .pcp-wrapper-3634 .sp-pcp-title a:hover {color: #e1624b;}.pcp-wrapper-3634 .sp-pcp-post-content{color: #444; }#pcp_wrapper-3634 .dots .swiper-pagination-bullet{ background: #cccccc; } #pcp_wrapper-3634 .dots .swiper-pagination-bullet-active { background: #D64224; }#pcp_wrapper-3634 .pcp-button-prev,#pcp_wrapper-3634 .pcp-button-next{ background-image: none; background-size: auto; background-color: #fff; height: 33px; width: 33px; margin-top: 8px; border: 1px solid #aaa; text-align: center; line-height: 30px; -webkit-transition: 0.3s; border-radius: 0px; }#pcp_wrapper-3634 .pcp-button-prev:hover, #pcp_wrapper-3634 .pcp-button-next:hover{ background-color: #D64224; border-color: #e1624b; } #pcp_wrapper-3634 .pcp-button-prev .fa, #pcp_wrapper-3634 .pcp-button-next .fa { color: #aaa; } #pcp_wrapper-3634 .pcp-button-prev:hover .fa, #pcp_wrapper-3634 .pcp-button-next:hover .fa { color: #fff; } #pcp_wrapper-3634.pcp-carousel-wrapper .sp-pcp-post{ margin-top: 0; }#pcp_wrapper-3634 .sp-pcp-post {padding: 0 0 0 0;}#pcp_wrapper-3634.sp-slider_layout .sp-pcp-post .sp-pcp-post-details {top: 0; right:0; bottom:0; left:0;}#pcp_wrapper-3634 .sp-pcp-post {border: 0px solid #e2e2e2; border-radius: 0px }#pcp_wrapper-3634 .sp-pcp-post{background-color: transparent;}#pcp_wrapper-3634 .pcp-post-thumb-wrapper{border: 0px solid #dddddd;border-radius:0px;}.pcp-wrapper-3634 .sp-pcp-post-meta li,.pcp-wrapper-3634 .sp-pcp-post-meta ul,.pcp-wrapper-3634 .sp-pcp-post-meta li a{color: #888;}.pcp-wrapper-3634 .sp-pcp-post-meta li a:hover{color: #e1624b;}#pcp_wrapper-3634 .pcp-readmore-link{ background: transparent; color: #111; border: 1px solid #888; border-radius: 0px; } #pcp_wrapper-3634 .pcp-readmore-link:hover { background-color: #e1624b; color: #fff; border-color: #e1624b; }#pcp_wrapper-3634 .pcp-post-pagination .page-numbers.current, #pcp_wrapper-3634 .pcp-post-pagination a.active , #pcp_wrapper-3634 .pcp-post-pagination a:hover{ color: #ffffff; background: #e1624b; border-color: #e1624b; }#pcp_wrapper-3634 .pcp-post-pagination .page-numbers, .pcp-post-pagination a{ background: #ffffff; color:#5e5e5e; border: 2px solid #bbbbbb;border-radius: 2px; }#pcp_wrapper-3634 .pcp-post-pagination{text-align: left;}@media (min-width: 1200px) {.sp-pcp-row .sp-pcp-col-xl-1 {flex: 0 0 100%;}.sp-pcp-row .sp-pcp-col-xl-2 {flex: 1 1 calc( 50% - 20px);}.sp-pcp-row .sp-pcp-col-xl-3 {flex: 1 1 calc( 33.333% - 20px);}.sp-pcp-row .sp-pcp-col-xl-4 {flex: 1 1 calc( 25% - 20px);}.sp-pcp-row .sp-pcp-col-xl-5 { flex: 1 1 calc( 20% - 20px);}.sp-pcp-row .sp-pcp-col-xl-6 {flex: 1 1 calc( 16.66666666666667% - 20px);}.sp-pcp-row .sp-pcp-col-xl-7 {flex: 1 1 calc( 14.28571428% - 20px);}.sp-pcp-row .sp-pcp-col-xl-8 {flex: 1 1 calc( 12.5% - 20px);}}@media (max-width: 1200px) {.sp-pcp-row .sp-pcp-col-lg-1 {flex: 0 0 100%;}.sp-pcp-row .sp-pcp-col-lg-2 {flex: 1 1 calc( 50% - 20px);}.sp-pcp-row .sp-pcp-col-lg-3 {flex: 1 1 calc( 33.333% - 20px);}.sp-pcp-row .sp-pcp-col-lg-4 {flex: 1 1 calc( 25% - 20px);}.sp-pcp-row .sp-pcp-col-lg-5 { flex: 1 1 calc( 20% - 20px);}.sp-pcp-row .sp-pcp-col-lg-6 {flex: 1 1 calc( 16.66666666666667% - 20px);}.sp-pcp-row .sp-pcp-col-lg-7 {flex: 1 1 calc( 14.28571428% - 20px);}.sp-pcp-row .sp-pcp-col-lg-8 {flex: 1 1 calc( 12.5% - 20px);}}@media (max-width: 992px) {.sp-pcp-row .sp-pcp-col-md-1 {flex: 0 0 100%;}.sp-pcp-row .sp-pcp-col-md-2 {flex: 1 1 calc( 50% - 20px);}.sp-pcp-row .sp-pcp-col-md-2-5 {flex: 0 0 75%;}.sp-pcp-row .sp-pcp-col-md-3 {flex: 1 1 calc( 33.333% - 20px);}.sp-pcp-row .sp-pcp-col-md-4 {flex: 1 1 calc( 25% - 20px);}.sp-pcp-row .sp-pcp-col-md-5 { flex: 1 1 calc( 20% - 20px);}.sp-pcp-row .sp-pcp-col-md-6 {flex: 1 1 calc( 16.66666666666667% - 20px);}.sp-pcp-row .sp-pcp-col-md-7 {flex: 1 1 calc( 14.28571428% - 20px);}.sp-pcp-row .sp-pcp-col-md-8 {flex: 1 1 calc( 12.5% - 20px);}}@media (max-width: 768px) {.sp-pcp-row .sp-pcp-col-sm-1 {flex: 0 0 100%;}.sp-pcp-row .sp-pcp-col-sm-2 {flex: 1 1 calc( 50% - 20px);}.sp-pcp-row .sp-pcp-col-sm-2-5 {flex: 0 0 75%;}.sp-pcp-row .sp-pcp-col-sm-3 {flex: 1 1 calc( 33.333% - 20px);}.sp-pcp-row .sp-pcp-col-sm-4 {flex: 1 1 calc( 25% - 20px);}.sp-pcp-row .sp-pcp-col-sm-5 { flex: 1 1 calc( 20% - 20px);}.sp-pcp-row .sp-pcp-col-sm-6 {flex: 1 1 calc( 16.66666666666667% - 20px);}.sp-pcp-row .sp-pcp-col-sm-7 {flex: 1 1 calc( 14.28571428% - 20px);}.sp-pcp-row .sp-pcp-col-sm-8 {flex: 1 1 calc( 12.5% - 20px);}}@media (max-width: 420px) {.sp-pcp-row .sp-pcp-col-xs-1 {flex: 0 0 100%;}.sp-pcp-row .sp-pcp-col-xs-2 {flex: 1 1 calc( 50% - 20px);}.sp-pcp-row .sp-pcp-col-xs-3 {flex: 1 1 calc( 33.333% - 20px);}.sp-pcp-row .sp-pcp-col-xs-4 {flex: 1 1 calc( 25% - 20px);}.sp-pcp-row .sp-pcp-col-xs-5 { flex: 1 1 calc( 20% - 20px);}.sp-pcp-row .sp-pcp-col-xs-6 {flex: 1 1 calc( 16.66666666666667% - 20px);}.sp-pcp-row .sp-pcp-col-xs-7 {flex: 1 1 calc( 14.28571428% - 20px);}.sp-pcp-row .sp-pcp-col-xs-8 {flex: 1 1 calc( 12.5% - 20px);}}<\/style><!-- Markup Starts -->\n<div id=\"pcp_wrapper-3634\" class=\"sp-pcp-section sp-pcp-container pcp-wrapper-3634 pcp-carousel-wrapper standard sp-carousel_layout\" data-sid=\"3634\">\n\t<div id=\"sp-pcp-id-3634\" class=\"swiper-container sp-pcp-carousel top_right\" dir=\"ltr\" data-carousel='{ \"speed\":600, \"items\":4, \"spaceBetween\":20, \"dynamicBullets\": false, \"navigation\":true, \"pagination\": true, \"autoplay\": true, \"autoplay_speed\": 2000, \"loop\": true, \"autoHeight\": false, \"lazy\":  true, \"simulateTouch\": true, \"freeMode\": false, \"slider_mouse_wheel\": false,\"allowTouchMove\": true, \"slidesPerView\": {\"lg_desktop\": 4, \"desktop\": 4, \"tablet\": 3, \"mobile_landscape\": 2, \"mobile\": 1}, \"navigation_mobile\": true, \"pagination_mobile\": true, \"stop_onHover\": true, \"enabled\": true, \"prevSlideMessage\": \"Previous slide\", \"nextSlideMessage\": \"Next slide\", \"firstSlideMessage\": \"This is the first slide\", \"lastSlideMessage\": \"This is the last slide\", \"keyboard\": \"true\", \"paginationBulletMessage\": \"Go to slide {{index}}\" }'>\n\t\t\t<div class=\"swiper-wrapper\">\n\t\t\t\t\t\t<div class=\" swiper-slide swiper-lazy\">\n\t\t\t<div class=\"sp-pcp-post default pcp-item-3667\" data-id=\"3667\">\n\t\t\t\t\t\t\t\t<div class=\"pcp-post-thumb-wrapper\">\n\t\t\t\t\t<div class=\"sp-pcp-post-thumb-area\">\n\t\t\t\t\t\t\t\t\t\t\t\t<a class=\"sp-pcp-thumb\" href=\"https:\/\/africasium.com\/?p=3667\" target=\"_self\" >\n\t\t\t\t\t\t\t\t\t\t\t\t\t<img fetchpriority=\"high\" decoding=\"async\" src=\"https:\/\/africasium.com\/wp-content\/uploads\/2025\/04\/ChatGPT-Image-16-sept.-2025-11_33_43-768x512.png\" width=\"768\" height=\"512\" alt=\"\">\n\t\t\t\t\t\t<\/a>\n\t\t\t\t\t<\/div>\n\t\t\t\t<\/div>\n\t\t\t\t\t\t\t\t<div class=\"sp-pcp-post-details\">\n\t\t\t\t\t<div class=\"sp-pcp-post-details-content\">\n\t\t\t\t\t\t\t\t<h2 class=\"sp-pcp-title\">\n\t\t\t\t\t\t\t\t\t<a href=\"https:\/\/africasium.com\/?p=3667\"  target=\"_self\">C\u00f4te d&#8217;Ivoire : Impact de la COVID-19 sur les attitudes et les habitudes de consommation<\/a>\t\t\t\t\t\t\t<\/h2>\n\t\t\t\t\t\t<div class=\"sp-pcp-post-content\">\n\t\t\t<p>En ces temps troubl\u00e9s par la crise sanitaire du Coronavirus, quelles sont les perceptions et les craintes de la population ivoirienne par rapport \u00e0 la pand\u00e9mie ?\u00a0Quel est le degr\u00e9 d&#8217;inqui\u00e9tude face au virus ?\u00a0 Comment la perception sur les questions d&#8217;hygi\u00e8ne et de pr\u00e9vention \u00e0-elle \u00e9volu\u00e9e ? \ud83d\udce5 T\u00e9l\u00e9charger le Rapport<\/p>\n\t\t<div class=\"sp-pcp-readmore\">\n\t\t\t\t\t\t\t<a class=\"pcp-readmore-link\" target=\"_self\" href=\"https:\/\/africasium.com\/?p=3667\" >\n\t\t\t\t\t\tRead More <\/a>\n\t\t<\/div>\n\t\t\t\t\t<\/div>\n\t\t\t\t\t\t\t\t<\/div>\n\t\t\t\t<\/div>\n\t\t\t<\/div>\n\t\t<\/div>\n\t\t\t\t<div class=\" swiper-slide swiper-lazy\">\n\t\t\t<div class=\"sp-pcp-post default pcp-item-3660\" data-id=\"3660\">\n\t\t\t\t\t\t\t\t<div class=\"pcp-post-thumb-wrapper\">\n\t\t\t\t\t<div class=\"sp-pcp-post-thumb-area\">\n\t\t\t\t\t\t\t\t\t\t\t\t<a class=\"sp-pcp-thumb\" href=\"https:\/\/africasium.com\/?p=3660\" target=\"_self\" >\n\t\t\t\t\t\t\t\t\t\t\t\t\t<img decoding=\"async\" src=\"https:\/\/africasium.com\/wp-content\/uploads\/2025\/04\/produits-laitiers.jpg\" width=\"720\" height=\"406\" alt=\"\">\n\t\t\t\t\t\t<\/a>\n\t\t\t\t\t<\/div>\n\t\t\t\t<\/div>\n\t\t\t\t\t\t\t\t<div class=\"sp-pcp-post-details\">\n\t\t\t\t\t<div class=\"sp-pcp-post-details-content\">\n\t\t\t\t\t\t\t\t<h2 class=\"sp-pcp-title\">\n\t\t\t\t\t\t\t\t\t<a href=\"https:\/\/africasium.com\/?p=3660\"  target=\"_self\">Le march\u00e9 des produits laitiers \u00e0 Abidjan : Segments, marques &amp; circuits de distribution<\/a>\t\t\t\t\t\t\t<\/h2>\n\t\t\t\t\t\t<div class=\"sp-pcp-post-content\">\n\t\t\t<p>Le march\u00e9 des produits laitiers est en pleine croissance \u00e0 Abidjan, capitale \u00e9conomique de C\u00f4te d\u2019Ivoire. Marques internationales et locales se livrent une concurrence acharn\u00e9e sur les segments lait concentr\u00e9, lait en poudre, yaourts et beurre &amp; corps gras.<\/p>\n\t\t<div class=\"sp-pcp-readmore\">\n\t\t\t\t\t\t\t<a class=\"pcp-readmore-link\" target=\"_self\" href=\"https:\/\/africasium.com\/?p=3660\" >\n\t\t\t\t\t\tRead More <\/a>\n\t\t<\/div>\n\t\t\t\t\t<\/div>\n\t\t\t\t\t\t\t\t<\/div>\n\t\t\t\t<\/div>\n\t\t\t<\/div>\n\t\t<\/div>\n\t\t\t\t<div class=\" swiper-slide swiper-lazy\">\n\t\t\t<div class=\"sp-pcp-post default pcp-item-3635\" data-id=\"3635\">\n\t\t\t\t\t\t\t\t<div class=\"pcp-post-thumb-wrapper\">\n\t\t\t\t\t<div class=\"sp-pcp-post-thumb-area\">\n\t\t\t\t\t\t\t\t\t\t\t\t<a class=\"sp-pcp-thumb\" href=\"https:\/\/africasium.com\/?p=3635\" target=\"_self\" >\n\t\t\t\t\t\t\t\t\t\t\t\t\t<img decoding=\"async\" src=\"https:\/\/africasium.com\/wp-content\/uploads\/2025\/04\/IMG-20250916-WA0002-768x512.jpg\" width=\"768\" height=\"512\" alt=\"\">\n\t\t\t\t\t\t<\/a>\n\t\t\t\t\t<\/div>\n\t\t\t\t<\/div>\n\t\t\t\t\t\t\t\t<div class=\"sp-pcp-post-details\">\n\t\t\t\t\t<div class=\"sp-pcp-post-details-content\">\n\t\t\t\t\t\t\t\t<h2 class=\"sp-pcp-title\">\n\t\t\t\t\t\t\t\t\t<a href=\"https:\/\/africasium.com\/?p=3635\"  target=\"_self\">Les superettes \u00e0 Abidjan:\u00a0Format de distribution de proximit\u00e9<\/a>\t\t\t\t\t\t\t<\/h2>\n\t\t\t\t\t\t<div class=\"sp-pcp-post-content\">\n\t\t\t<p>Les superettes constituent un canal de distribution alimentaire en fort d\u00e9veloppement \u00e0 Abidjan. Avec un parc de magasins estim\u00e9 \u00e0 pr\u00e8s de 600 points de vente, il s\u2019agit d\u2019un format de proximit\u00e9 offrant une alternative efficace aux boutiques de quartier traditionnelles et aux supermarch\u00e9s modernes.<\/p>\n\t\t<div class=\"sp-pcp-readmore\">\n\t\t\t\t\t\t\t<a class=\"pcp-readmore-link\" target=\"_self\" href=\"https:\/\/africasium.com\/?p=3635\" >\n\t\t\t\t\t\tRead More <\/a>\n\t\t<\/div>\n\t\t\t\t\t<\/div>\n\t\t\t\t\t\t\t\t<\/div>\n\t\t\t\t<\/div>\n\t\t\t<\/div>\n\t\t<\/div>\n\t\t\t\t\t<\/div>\n\t\t\t\t\t\t<div class=\"pcp-pagination swiper-pagination dots\"><\/div>\n\t\t\t\t\t\t\t\t\t\t<div class=\"pcp-button-next swiper-button-next top_right\"><i class=\"fa fa-angle-right\"><\/i><\/div>\n\t\t\t\t<div class=\"pcp-button-prev swiper-button-prev top_right\"><i class=\"fa fa-angle-left\"><\/i><\/div>\t<\/div>\n<\/div>\n\t\t\t\t<\/div>\n\t\t\t\t<\/div>\n\t\t\t\t\t<\/div>\n\t\t<\/div>\n\t\t\t\t\t<\/div>\n\t\t<\/section>\n\t\t\t\t<\/div>\n\t\t","protected":false},"excerpt":{"rendered":"<p>INSIGHT Nos comp\u00e9tences analytiques combin\u00e9es \u00e0 une parfaite ma\u00eetrise du terrain et une compr\u00e9hension fine des probl\u00e9matiques locales nous permettent de produire r\u00e9guli\u00e8rement des analyses et des rapports sur des sujets pertinents relevant de divers secteurs. Ces publications fournissent des informations d\u00e9taill\u00e9es sur le paysage concurrentiel, les performances des fabricants et des marques, les tendances<\/p>\n<div class=\"text-left\"><a class=\"btnklb btn-download-w\" href=\"https:\/\/africasium.com\/?p=3635\" >READ MORE<\/a><\/div>\n","protected":false},"author":1,"featured_media":0,"parent":0,"menu_order":0,"comment_status":"closed","ping_status":"closed","template":"","meta":{"footnotes":""},"class_list":["post-3152","page","type-page","status-publish","hentry"],"_links":{"self":[{"href":"https:\/\/africasium.com\/index.php?rest_route=\/wp\/v2\/pages\/3152"}],"collection":[{"href":"https:\/\/africasium.com\/index.php?rest_route=\/wp\/v2\/pages"}],"about":[{"href":"https:\/\/africasium.com\/index.php?rest_route=\/wp\/v2\/types\/page"}],"author":[{"embeddable":true,"href":"https:\/\/africasium.com\/index.php?rest_route=\/wp\/v2\/users\/1"}],"replies":[{"embeddable":true,"href":"https:\/\/africasium.com\/index.php?rest_route=%2Fwp%2Fv2%2Fcomments&post=3152"}],"version-history":[{"count":43,"href":"https:\/\/africasium.com\/index.php?rest_route=\/wp\/v2\/pages\/3152\/revisions"}],"predecessor-version":[{"id":3700,"href":"https:\/\/africasium.com\/index.php?rest_route=\/wp\/v2\/pages\/3152\/revisions\/3700"}],"wp:attachment":[{"href":"https:\/\/africasium.com\/index.php?rest_route=%2Fwp%2Fv2%2Fmedia&parent=3152"}],"curies":[{"name":"wp","href":"https:\/\/api.w.org\/{rel}","templated":true}]}}