{"id":357,"date":"2016-11-04T11:48:27","date_gmt":"2016-11-04T10:48:27","guid":{"rendered":"http:\/\/localhost:8080\/leeway\/?page_id=357"},"modified":"2025-04-22T10:41:57","modified_gmt":"2025-04-22T08:41:57","slug":"contact-us-2","status":"publish","type":"page","link":"https:\/\/africasium.com\/?page_id=357","title":{"rendered":"Contact"},"content":{"rendered":"\t\t<div data-elementor-type=\"wp-post\" data-elementor-id=\"357\" class=\"elementor elementor-357\">\n\t\t\t\t\t\t<section class=\"elementor-section elementor-top-section elementor-element elementor-element-25520cb8 elementor-section-stretched elementor-section-full_width elementor-section-height-default elementor-section-height-default\" data-id=\"25520cb8\" data-element_type=\"section\" data-settings=\"{&quot;stretch_section&quot;:&quot;section-stretched&quot;}\">\n\t\t\t\t\t\t<div class=\"elementor-container elementor-column-gap-no\">\n\t\t\t\t\t<div class=\"elementor-column elementor-col-100 elementor-top-column elementor-element elementor-element-214a3a62\" data-id=\"214a3a62\" data-element_type=\"column\">\n\t\t\t<div class=\"elementor-widget-wrap elementor-element-populated\">\n\t\t\t\t\t\t<div class=\"elementor-element elementor-element-4684560d elementor-widget elementor-widget-text-editor\" data-id=\"4684560d\" data-element_type=\"widget\" data-widget_type=\"text-editor.default\">\n\t\t\t\t<div class=\"elementor-widget-container\">\n\t\t\t\t\t\t\t\t\t[vc_row full_width=&#8221;stretch_row&#8221; css=&#8221;.vc_custom_1519294129784{padding-top: 110px !important;padding-bottom: 110px !important;background: #ffca59 url(http:\/\/africasium.com\/wp-content\/uploads\/2016\/11\/bg-map-1.png?id=361) !important;background-position: center !important;background-repeat: no-repeat !important;background-size: cover !important;}&#8221;][vc_column]<div class=\"section-title center\"><h2 style=\"color:\"><strong>NOUS CONTACTER<\/strong><\/h2><hr style=\"background:#12212f\"><\/div>[vc_row_inner][vc_column_inner width=&#8221;1\/3&#8243;]<div class=\"contact contact-icon-box text-center\"><i class=\"typcn typcn-location-outline fa-2x\"><\/i><p class=\"dark\"><strong>Adresse : 01 BP 2536 Abidjan 01 | Immeuble Borg, 3\u00e8me \u00e9tage, Boulevard Carde, Plateau, Abidjan, C\u00f4te d\u2019Ivoire<\/strong><\/p><\/div>[\/vc_column_inner][vc_column_inner width=&#8221;1\/3&#8243;][vc_empty_space height=&#8221;5px&#8221;]<div class=\"contact contact-icon-box text-center\"><i class=\"typcn typcn-mail fa-2x\"><\/i><p class=\"dark\"><strong>info@africasium.com<\/strong><\/p><\/div>[\/vc_column_inner][vc_column_inner width=&#8221;1\/3&#8243;]<div class=\"contact contact-icon-box text-center\"><i class=\"typcn typcn-phone-outline fa-2x\"><\/i><p class=\"dark\"><strong> +225 27 20 27 03 53 | +225 07 88 72 66 43 | +225 07 77 30 66 17<\/strong>\n\n<strong> <\/strong>\n\n<b>\n<\/b><\/p><\/div>[\/vc_column_inner][vc_empty_space height=&#8221;50px&#8221;][vc_row_inner][vc_column_inner]<div class=\"section-title center\"><h2 style=\"color:\"><strong>NOUS ECRIRE <\/strong><\/h2><hr style=\"background:\"><\/div>[\/vc_column_inner][\/vc_row_inner]\n<div class=\"wpcf7 no-js\" id=\"wpcf7-f5-o1\" lang=\"en-US\" dir=\"ltr\">\n<div class=\"screen-reader-response\"><p role=\"status\" aria-live=\"polite\" aria-atomic=\"true\"><\/p> <ul><\/ul><\/div>\n<form action=\"\/index.php?rest_route=%2Fwp%2Fv2%2Fpages%2F357#wpcf7-f5-o1\" method=\"post\" class=\"wpcf7-form init\" aria-label=\"Contact form\" novalidate=\"novalidate\" data-status=\"init\">\n<div style=\"display: none;\">\n<input type=\"hidden\" name=\"_wpcf7\" value=\"5\" \/>\n<input type=\"hidden\" name=\"_wpcf7_version\" value=\"5.9.8\" \/>\n<input type=\"hidden\" name=\"_wpcf7_locale\" value=\"en_US\" \/>\n<input type=\"hidden\" name=\"_wpcf7_unit_tag\" value=\"wpcf7-f5-o1\" \/>\n<input type=\"hidden\" name=\"_wpcf7_container_post\" value=\"0\" \/>\n<input type=\"hidden\" name=\"_wpcf7_posted_data_hash\" value=\"\" \/>\n<\/div>\n<p><label><strong> Nom <\/strong><br \/>\n<span class=\"wpcf7-form-control-wrap\" data-name=\"Your-name\"><input size=\"40\" maxlength=\"400\" class=\"wpcf7-form-control wpcf7-text wpcf7-validates-as-required\" aria-required=\"true\" aria-invalid=\"false\" value=\"\" type=\"text\" name=\"Your-name\" \/><\/span> <\/label>\n<\/p>\n<p><label> <strong>Adresse Email<\/strong><br \/>\n<span class=\"wpcf7-form-control-wrap\" data-name=\"Your\"><input size=\"40\" maxlength=\"400\" class=\"wpcf7-form-control wpcf7-email wpcf7-validates-as-required wpcf7-text wpcf7-validates-as-email\" aria-required=\"true\" aria-invalid=\"false\" value=\"\" type=\"email\" name=\"Your\" \/><\/span> <\/label>\n<\/p>\n<p><label> <strong>T\u00e9l\u00e9phone<\/strong><br \/>\n<span class=\"wpcf7-form-control-wrap\" data-name=\"Telephone\"><input size=\"40\" maxlength=\"400\" class=\"wpcf7-form-control wpcf7-email wpcf7-validates-as-required wpcf7-text wpcf7-validates-as-email\" aria-required=\"true\" aria-invalid=\"false\" value=\"\" type=\"email\" name=\"Telephone\" \/><\/span> <\/label>\n<\/p>\n<p><label> <strong>Sujet<\/strong><br \/>\n<span class=\"wpcf7-form-control-wrap\" data-name=\"Sujet\"><input size=\"40\" maxlength=\"400\" class=\"wpcf7-form-control wpcf7-text\" aria-invalid=\"false\" value=\"\" type=\"text\" name=\"Sujet\" \/><\/span> <\/label>\n<\/p>\n<p><label><strong> Message<\/strong><br \/>\n<span class=\"wpcf7-form-control-wrap\" data-name=\"Message\"><textarea cols=\"40\" rows=\"10\" maxlength=\"2000\" class=\"wpcf7-form-control wpcf7-textarea\" aria-invalid=\"false\" name=\"Message\"><\/textarea><\/span> <\/label>\n<\/p>\n<p><input class=\"wpcf7-form-control wpcf7-submit has-spinner\" type=\"submit\" value=\"Envoyer\" \/>\n<\/p><p style=\"display: none !important;\" class=\"akismet-fields-container\" data-prefix=\"_wpcf7_ak_\"><label>&#916;<textarea name=\"_wpcf7_ak_hp_textarea\" cols=\"45\" rows=\"8\" maxlength=\"100\"><\/textarea><\/label><input type=\"hidden\" id=\"ak_js_1\" name=\"_wpcf7_ak_js\" value=\"31\"\/><script>document.getElementById( \"ak_js_1\" ).setAttribute( \"value\", ( new Date() ).getTime() );<\/script><\/p><div class=\"wpcf7-response-output\" aria-hidden=\"true\"><\/div>\n<\/form>\n<\/div>\n\n\n[vc_column]<div class=\"section-title center\"><h2 style=\"color:\"><strong>NOUS SUIVRE<\/strong><\/h2><hr style=\"background:#12212f\"><\/div>[vc_row_inner][vc_column_inner width=&#8221;1\/3&#8243;]\n\n<a style=\"display: block; position: relative; right: 17%;\" href=\"https:\/\/www.linkedin.com\/company\/africasium\/\" target=\"_blank\" rel=\"noopener noreferrer\">\n<img decoding=\"async\" class=\"linkimg wp-image-3087 size-full aligncenter\" src=\"https:\/\/africasium.com\/wp-content\/uploads\/2020\/07\/linkedin-e1595866909918.png\" alt=\"\" width=\"50\" height=\"50\" \/>\n<\/a>\n\n[\/vc_column][\/vc_row]\t\t\t\t\t\t\t\t<\/div>\n\t\t\t\t<\/div>\n\t\t\t\t\t<\/div>\n\t\t<\/div>\n\t\t\t\t\t<\/div>\n\t\t<\/section>\n\t\t\t\t<section class=\"elementor-section elementor-top-section elementor-element elementor-element-ced316f elementor-section-full_width elementor-section-stretched elementor-section-height-default elementor-section-height-default\" data-id=\"ced316f\" data-element_type=\"section\" data-settings=\"{&quot;stretch_section&quot;:&quot;section-stretched&quot;}\">\n\t\t\t\t\t\t<div class=\"elementor-container elementor-column-gap-no\">\n\t\t\t\t\t<div class=\"elementor-column elementor-col-100 elementor-top-column elementor-element elementor-element-ecca43d\" data-id=\"ecca43d\" data-element_type=\"column\">\n\t\t\t<div class=\"elementor-widget-wrap elementor-element-populated\">\n\t\t\t\t\t\t<div class=\"elementor-element elementor-element-5d8182f elementor-position-top elementor-widget elementor-widget-image-box\" data-id=\"5d8182f\" data-element_type=\"widget\" data-widget_type=\"image-box.default\">\n\t\t\t\t<div class=\"elementor-widget-container\">\n\t\t\t\t\t<div class=\"elementor-image-box-wrapper\"><figure class=\"elementor-image-box-img\"><img decoding=\"async\" width=\"211\" height=\"48\" src=\"https:\/\/africasium.com\/wp-content\/uploads\/2017\/02\/africasium_white-1.png\" class=\"attachment-full size-full wp-image-552\" alt=\"\" \/><\/figure><div class=\"elementor-image-box-content\"><p class=\"elementor-image-box-description\">A la recherche de visibilit\u00e9 sur les dynamiques de march\u00e9s, les habitudes de consommation, l\u2019environnement concurrentiel ou les r\u00e8glementations locales? <br>Contactez-nous: nous vous aiderons \u00e0 g\u00e9n\u00e9rer de la croissance gr\u00e2ce \u00e0 des donn\u00e9es de march\u00e9s fiables et au support op\u00e9rationnel dont vous avez besoin.<\/p><\/div><\/div>\t\t\t\t<\/div>\n\t\t\t\t<\/div>\n\t\t\t\t\t<\/div>\n\t\t<\/div>\n\t\t\t\t\t<\/div>\n\t\t<\/section>\n\t\t\t\t<\/div>\n\t\t","protected":false},"excerpt":{"rendered":"<p>[vc_row full_width=&#8221;stretch_row&#8221; css=&#8221;.vc_custom_1519294129784{padding-top: 110px !important;padding-bottom: 110px !important;background: #ffca59 url(http:\/\/africasium.com\/wp-content\/uploads\/2016\/11\/bg-map-1.png?id=361) !important;background-position: center !important;background-repeat: no-repeat !important;background-size: cover !important;}&#8221;][vc_column][vc_row_inner][vc_column_inner width=&#8221;1\/3&#8243;][\/vc_column_inner][vc_column_inner width=&#8221;1\/3&#8243;][vc_empty_space height=&#8221;5px&#8221;][\/vc_column_inner][vc_column_inner width=&#8221;1\/3&#8243;][\/vc_column_inner][vc_empty_space height=&#8221;50px&#8221;][vc_row_inner][vc_column_inner][\/vc_column_inner][\/vc_row_inner] [vc_column][vc_row_inner][vc_column_inner width=&#8221;1\/3&#8243;] [\/vc_column][\/vc_row] A la recherche de visibilit\u00e9 sur les dynamiques de march\u00e9s, les habitudes de consommation, l\u2019environnement concurrentiel ou les r\u00e8glementations locales? Contactez-nous: nous vous aiderons \u00e0 g\u00e9n\u00e9rer de la croissance gr\u00e2ce \u00e0<\/p>\n<div class=\"text-left\"><a class=\"btnklb btn-download-w\" href=\"https:\/\/africasium.com\/?page_id=357\" >READ MORE<\/a><\/div>\n","protected":false},"author":1,"featured_media":0,"parent":0,"menu_order":0,"comment_status":"closed","ping_status":"closed","template":"","meta":{"footnotes":""},"class_list":["post-357","page","type-page","status-publish","hentry"],"_links":{"self":[{"href":"https:\/\/africasium.com\/index.php?rest_route=\/wp\/v2\/pages\/357"}],"collection":[{"href":"https:\/\/africasium.com\/index.php?rest_route=\/wp\/v2\/pages"}],"about":[{"href":"https:\/\/africasium.com\/index.php?rest_route=\/wp\/v2\/types\/page"}],"author":[{"embeddable":true,"href":"https:\/\/africasium.com\/index.php?rest_route=\/wp\/v2\/users\/1"}],"replies":[{"embeddable":true,"href":"https:\/\/africasium.com\/index.php?rest_route=%2Fwp%2Fv2%2Fcomments&post=357"}],"version-history":[{"count":133,"href":"https:\/\/africasium.com\/index.php?rest_route=\/wp\/v2\/pages\/357\/revisions"}],"predecessor-version":[{"id":3632,"href":"https:\/\/africasium.com\/index.php?rest_route=\/wp\/v2\/pages\/357\/revisions\/3632"}],"wp:attachment":[{"href":"https:\/\/africasium.com\/index.php?rest_route=%2Fwp%2Fv2%2Fmedia&parent=357"}],"curies":[{"name":"wp","href":"https:\/\/api.w.org\/{rel}","templated":true}]}}