{"id":39,"date":"2016-11-02T14:03:21","date_gmt":"2016-11-02T14:03:21","guid":{"rendered":"http:\/\/localhost:8080\/leeway\/?page_id=39"},"modified":"2019-08-26T13:58:37","modified_gmt":"2019-08-26T11:58:37","slug":"service","status":"publish","type":"page","link":"https:\/\/africasium.com\/?page_id=39","title":{"rendered":"Services"},"content":{"rendered":"<p>[vc_row full_width=&#8221;stretch_row_content_no_spaces&#8221; css=&#8221;.vc_custom_1519298346185{padding-top: 90px !important;padding-bottom: 110px !important;padding-left:15px;background-color: #ffffff !important;}&#8221;][vc_column]<div class=\"section-title center\"><h2 style=\"color:\">ETUDES DE MARCHES, DONNEES ET INFORMATIONS STRATEGIQUES SUR LES MARCHES AFRICAINS<\/h2><hr style=\"background:\"><\/div>[\/vc_column]<\/p>\n<p>[vc_column width=&#8221;1\/3&#8243;]<div class=\"startup\"><div class=\"boxs  text-center first\"><img decoding=\"async\" src=\"https:\/\/africasium.com\/wp-content\/uploads\/2016\/11\/up-arrow.png\" alt=\"ETUDE DE MARCHE\"><h4>ETUDE DE MARCHE<\/h4><p><\/p>\n<p style=\"text-align: left;\">Dans un monde qui \u00e9volue rapidement, s\u2019appuyer sur des donn\u00e9es fiables pour prendre les bonnes d\u00e9cisions n\u2019a jamais \u00e9t\u00e9 aussi essentiel. Et ce, d\u2019autant plus, sur le continent africain o\u00f9 l\u2019acc\u00e8s \u00e0 une information de qualit\u00e9 est peu ais\u00e9e.<\/p>\n<p style=\"text-align: left;\">C\u2019est cette mission qui mobilise l\u2019\u00e9quipe d\u2019Africasium : fournir de la clart\u00e9 sur les march\u00e9s et les consommateurs africains avec des standards de qualit\u00e9 internationaux !<\/p><a href=\"http:\/\/africasium.com\/?page_id=500\" target=\"\" title=\"En savoir plus...\" class=\"btn-small\">En savoir plus...<\/a><\/div><\/div>[\/vc_column]<\/p>\n<p>[vc_column width=&#8221;1\/3&#8243;]<div class=\"startup\"><div class=\"boxs  text-center first\"><img decoding=\"async\" src=\"https:\/\/africasium.com\/wp-content\/uploads\/2016\/11\/001-group.png\" alt=\"Business Connector\"><h4>Business Connector<\/h4><p><\/p>\n<p style=\"text-align: left;\">Gr\u00e2ce \u00e0 son implantation locale et \u00e0 sa une forte ma\u00eetrise du terrain, Africasium vous aide \u00e0 acc\u00e9der aux bons contacts et aux partenaires utiles \u00e0 vos projets dans vos march\u00e9s d\u2019int\u00e9r\u00eat.<\/p><a href=\"http:\/\/africasium.com\/?page_id=508\" target=\"\" title=\"En savoir  plus...\" class=\"btn-small\">En savoir  plus...<\/a><\/div><\/div>[\/vc_column]<\/p>\n<p>[vc_column width=&#8221;1\/3&#8243;]<div class=\"startup\"><div class=\"boxs  text-center first\"><img decoding=\"async\" src=\"https:\/\/africasium.com\/wp-content\/uploads\/2016\/11\/003-business.png\" alt=\"Corporate services\"><h4>Corporate services<\/h4><p><\/p>\n<p style=\"text-align: left;\">Africasium fournit une gamme compl\u00e8te de services professionnels, allant de l\u2019enregistrement d\u2019une soci\u00e9t\u00e9 au recrutement de comp\u00e9tences locales, pour soutenir les op\u00e9rations commerciales.<\/p><a href=\"http:\/\/africasium.com\/?page_id=512\" target=\"\" title=\"En savoir  plus...\" class=\"btn-small\">En savoir  plus...<\/a><\/div><\/div>[\/vc_column][\/vc_row]<\/p>\n","protected":false},"excerpt":{"rendered":"<p>[vc_row full_width=&#8221;stretch_row_content_no_spaces&#8221; css=&#8221;.vc_custom_1519298346185{padding-top: 90px !important;padding-bottom: 110px !important;padding-left:15px;background-color: #ffffff !important;}&#8221;][vc_column][\/vc_column] [vc_column width=&#8221;1\/3&#8243;][\/vc_column] [vc_column width=&#8221;1\/3&#8243;][\/vc_column] [vc_column width=&#8221;1\/3&#8243;][\/vc_column][\/vc_row]<\/p>\n","protected":false},"author":1,"featured_media":0,"parent":0,"menu_order":0,"comment_status":"closed","ping_status":"closed","template":"","meta":{"footnotes":""},"class_list":["post-39","page","type-page","status-publish","hentry"],"_links":{"self":[{"href":"https:\/\/africasium.com\/index.php?rest_route=\/wp\/v2\/pages\/39"}],"collection":[{"href":"https:\/\/africasium.com\/index.php?rest_route=\/wp\/v2\/pages"}],"about":[{"href":"https:\/\/africasium.com\/index.php?rest_route=\/wp\/v2\/types\/page"}],"author":[{"embeddable":true,"href":"https:\/\/africasium.com\/index.php?rest_route=\/wp\/v2\/users\/1"}],"replies":[{"embeddable":true,"href":"https:\/\/africasium.com\/index.php?rest_route=%2Fwp%2Fv2%2Fcomments&post=39"}],"version-history":[{"count":119,"href":"https:\/\/africasium.com\/index.php?rest_route=\/wp\/v2\/pages\/39\/revisions"}],"predecessor-version":[{"id":2258,"href":"https:\/\/africasium.com\/index.php?rest_route=\/wp\/v2\/pages\/39\/revisions\/2258"}],"wp:attachment":[{"href":"https:\/\/africasium.com\/index.php?rest_route=%2Fwp%2Fv2%2Fmedia&parent=39"}],"curies":[{"name":"wp","href":"https:\/\/api.w.org\/{rel}","templated":true}]}}