{"id":500,"date":"2017-03-05T09:08:41","date_gmt":"2017-03-05T08:08:41","guid":{"rendered":"http:\/\/africasium.com\/?page_id=500"},"modified":"2020-09-11T12:34:27","modified_gmt":"2020-09-11T10:34:27","slug":"market-intelligence-services","status":"publish","type":"page","link":"https:\/\/africasium.com\/?page_id=500","title":{"rendered":"\u00c9tudes de march\u00e9s"},"content":{"rendered":"\n<p>Notre \u00e9quipe est form\u00e9e aux techniques d&#8217;\u00e9tudes de march\u00e9s modernes pour aider les clients \u00e0 prendre des d\u00e9cisions coh\u00e9rentes bas\u00e9es sur des donn\u00e9es de terrain fiables.<\/p>\n\n\n\n<p>Nous proposons un portefeuille de\nsolutions d\u2019\u00e9tudes de march\u00e9s combinant connaissance fine de l\u2019environnement\nlocal, agilit\u00e9 et flexibilit\u00e9 dans l\u2019ex\u00e9cution, ma\u00eetrise compl\u00e8te de la qualit\u00e9\net des proc\u00e9dures op\u00e9rationnelles et analytiques. Nous intervenons en zones\nurbaines et rurales.<\/p>\n\n\n\n<p>Trois p\u00f4les de solutions adapt\u00e9es \u00e0 vos\nbesoins&nbsp;:<\/p>\n\n\n\n<p><strong>Etudes Distribution<\/strong><\/p>\n\n\n\n<p>Africasium propose des solutions r\u00e9pondant\n\u00e0 des probl\u00e9matiques li\u00e9es \u00e0 la distribution des produits de grande\nconsommation incluant, notamment, recensement &amp; cartographie de points de\nvente (Census), audits de magasins et support op\u00e9rationnel &amp; merchandising.\nCes solutions flexibles sont con\u00e7ues pour aider nos clients \u00e0 optimiser leur\ndistribution et am\u00e9liorer leur efficacit\u00e9 marketing et commerciale.<\/p>\n\n\n\n<p>Vos probl\u00e9matiques*:<\/p>\n\n\n\n<ul class=\"wp-block-list\"><li>Quel\nest l\u2019univers de distribution de mes produits?<\/li><li>Quel\nest le potentiel de march\u00e9 par circuit \/ canal de vente?<\/li><li>Quel\nest le positionnement prix de mes produits par rapport aux concurrents?<\/li><li>Comment\nmaximiser la pr\u00e9sence de mes r\u00e9f\u00e9rences en lin\u00e9aire?<\/li><\/ul>\n\n\n\n<p>Nos solutions<\/p>\n\n\n\n<ul class=\"wp-block-list\"><li>Audits de points de\nvente<\/li><li>Base de donn\u00e9es de\nmagasins<\/li><li>Services de merchandising et d\u2019externalisation de\nla force de vente<\/li><\/ul>\n\n\n\n<p><strong>Etudes Consommateurs<\/strong><\/p>\n\n\n\n<p>Nos solutions Consommateurs permettent \u00e0\nnos clients de savoir comment leurs consommateurs ach\u00e8tent, dans quels\ncircuits, pour quels destinataires et pour quelles occasions.<\/p>\n\n\n\n<p>Vos probl\u00e9matiques*:<\/p>\n\n\n\n<ul class=\"wp-block-list\"><li>Quelles sont les habitudes de consommation relatives\n\u00e0 mes produits \/ services?<\/li><li>Quelle est le niveau de p\u00e9n\u00e9tration de mes marques?<\/li><li>Mon innovation est-elle adapt\u00e9e au consommateur\nlocal?<\/li><li>Comment l\u2019image de ma marque \u00e9volue t-elle?<\/li><\/ul>\n\n\n\n<p>Nos solutions<\/p>\n\n\n\n<ul class=\"wp-block-list\"><li>Discussions de groupe (focus groups)<\/li><li>Entretiens individuels approfondis (IDIs)<\/li><li>Etudes Usages &amp; Attitudes (U&amp;A)<\/li><li>Immersions \/ Ethnographies<\/li><li>Etudes consommateurs quantitatives (consumer surveys)<\/li><li>Etudes de satisfaction<\/li><li>Visites myst\u00e8re<\/li><li>Administration de questionnaires en face-\u00e0-face (CAPI), par t\u00e9l\u00e9phone (CATI) ou online (CAWI)<\/li><\/ul>\n\n\n\n<p><strong>Data Factory<\/strong><\/p>\n\n\n\n<p>Nous r\u00e9coltons rapidement les donn\u00e9es que\nvous recherchez pour les transformer plus rapidement en insights et en actions.\n<\/p>\n\n\n\n<p>Vos probl\u00e9matiques*:<\/p>\n\n\n\n<ul class=\"wp-block-list\"><li>Y a t-il un march\u00e9 pour mes produits ou services?<\/li><li>Comment se caract\u00e9rise l\u2019intensit\u00e9 concurrentielle\nsur ce segment?<\/li><li>Comment l\u2019activit\u00e9 du secteur est-elle structur\u00e9e\nentre production locale et produits import\u00e9s?<\/li><li>Quelles sont les contraintes r\u00e8glementaires du\nmarch\u00e9?<\/li><\/ul>\n\n\n\n<p>Nos solutions<\/p>\n\n\n\n<ul class=\"wp-block-list\"><li>Desk research<\/li><li>Analyse comp\u00e9titive<\/li><li>Interviews d\u2019experts<\/li><li>Visites &amp; entretiens de terrain<\/li><\/ul>\n\n\n\n<p>Nos solutions d\u2019\u00e9tudes de march\u00e9s sont destin\u00e9es aussi bien aux\nentreprises \u00e9tablies proposant des produits et des services aux consommateurs,\nqu\u2019aux investisseurs et entrepreneurs en qu\u00eate de donn\u00e9es et analyses de\nqualit\u00e9 sur leurs marches d\u2019int\u00e9r\u00eat.<strong><\/strong><\/p>\n\n\n\n<p>*Exemples non exhaustifs<strong><\/strong><\/p>\n","protected":false},"excerpt":{"rendered":"<p>Notre \u00e9quipe est form\u00e9e aux techniques d&#8217;\u00e9tudes de march\u00e9s modernes pour aider les clients \u00e0 prendre des d\u00e9cisions coh\u00e9rentes bas\u00e9es sur des donn\u00e9es de terrain fiables. Nous proposons un portefeuille de solutions d\u2019\u00e9tudes de march\u00e9s combinant connaissance fine de l\u2019environnement local, agilit\u00e9 et flexibilit\u00e9 dans l\u2019ex\u00e9cution, ma\u00eetrise compl\u00e8te de la qualit\u00e9 et des proc\u00e9dures op\u00e9rationnelles<\/p>\n<div class=\"text-left\"><a class=\"btnklb btn-download-w\" href=\"https:\/\/africasium.com\/?page_id=500\" >READ MORE<\/a><\/div>\n","protected":false},"author":1,"featured_media":0,"parent":0,"menu_order":0,"comment_status":"closed","ping_status":"closed","template":"","meta":{"footnotes":""},"class_list":["post-500","page","type-page","status-publish","hentry"],"_links":{"self":[{"href":"https:\/\/africasium.com\/index.php?rest_route=\/wp\/v2\/pages\/500"}],"collection":[{"href":"https:\/\/africasium.com\/index.php?rest_route=\/wp\/v2\/pages"}],"about":[{"href":"https:\/\/africasium.com\/index.php?rest_route=\/wp\/v2\/types\/page"}],"author":[{"embeddable":true,"href":"https:\/\/africasium.com\/index.php?rest_route=\/wp\/v2\/users\/1"}],"replies":[{"embeddable":true,"href":"https:\/\/africasium.com\/index.php?rest_route=%2Fwp%2Fv2%2Fcomments&post=500"}],"version-history":[{"count":15,"href":"https:\/\/africasium.com\/index.php?rest_route=\/wp\/v2\/pages\/500\/revisions"}],"predecessor-version":[{"id":3203,"href":"https:\/\/africasium.com\/index.php?rest_route=\/wp\/v2\/pages\/500\/revisions\/3203"}],"wp:attachment":[{"href":"https:\/\/africasium.com\/index.php?rest_route=%2Fwp%2Fv2%2Fmedia&parent=500"}],"curies":[{"name":"wp","href":"https:\/\/api.w.org\/{rel}","templated":true}]}}