{"id":508,"date":"2017-03-05T10:13:26","date_gmt":"2017-03-05T09:13:26","guid":{"rendered":"http:\/\/africasium.com\/?page_id=508"},"modified":"2019-09-16T18:05:44","modified_gmt":"2019-09-16T16:05:44","slug":"business-connector","status":"publish","type":"page","link":"https:\/\/africasium.com\/?page_id=508","title":{"rendered":"Business Connector"},"content":{"rendered":"<p>Nous aidons nos clients \u00e0 acc\u00e9der aux <strong>contacts<\/strong> et \u00e0 <strong>l\u2019expertise locale <\/strong>n\u00e9cessaires \u00e0 l\u2019atteinte de leurs objectifs en proposant les services suivants&nbsp;:<\/p>\n<ul>\n<li>Identification de partenaires d\u2019affaires et d\u2019experts locaux<\/li>\n<li>Interm\u00e9diation et organisation de r\u00e9unions d\u2019introduction<\/li>\n<li>Organisation et coordination de missions \u00e9conomiques<\/li>\n<li>Missions d\u2019assistance et conseils<\/li>\n<\/ul>\n","protected":false},"excerpt":{"rendered":"<p>Nous aidons nos clients \u00e0 acc\u00e9der aux contacts et \u00e0 l\u2019expertise locale n\u00e9cessaires \u00e0 l\u2019atteinte de leurs objectifs en proposant les services suivants&nbsp;: Identification de partenaires d\u2019affaires et d\u2019experts locaux Interm\u00e9diation et organisation de r\u00e9unions d\u2019introduction Organisation et coordination de missions \u00e9conomiques Missions d\u2019assistance et conseils<\/p>\n","protected":false},"author":1,"featured_media":0,"parent":0,"menu_order":0,"comment_status":"closed","ping_status":"closed","template":"","meta":{"footnotes":""},"class_list":["post-508","page","type-page","status-publish","hentry"],"_links":{"self":[{"href":"https:\/\/africasium.com\/index.php?rest_route=\/wp\/v2\/pages\/508"}],"collection":[{"href":"https:\/\/africasium.com\/index.php?rest_route=\/wp\/v2\/pages"}],"about":[{"href":"https:\/\/africasium.com\/index.php?rest_route=\/wp\/v2\/types\/page"}],"author":[{"embeddable":true,"href":"https:\/\/africasium.com\/index.php?rest_route=\/wp\/v2\/users\/1"}],"replies":[{"embeddable":true,"href":"https:\/\/africasium.com\/index.php?rest_route=%2Fwp%2Fv2%2Fcomments&post=508"}],"version-history":[{"count":5,"href":"https:\/\/africasium.com\/index.php?rest_route=\/wp\/v2\/pages\/508\/revisions"}],"predecessor-version":[{"id":2655,"href":"https:\/\/africasium.com\/index.php?rest_route=\/wp\/v2\/pages\/508\/revisions\/2655"}],"wp:attachment":[{"href":"https:\/\/africasium.com\/index.php?rest_route=%2Fwp%2Fv2%2Fmedia&parent=508"}],"curies":[{"name":"wp","href":"https:\/\/api.w.org\/{rel}","templated":true}]}}