{"id":512,"date":"2017-03-05T10:16:04","date_gmt":"2017-03-05T09:16:04","guid":{"rendered":"http:\/\/africasium.com\/?page_id=512"},"modified":"2019-09-16T17:45:05","modified_gmt":"2019-09-16T15:45:05","slug":"professional-services","status":"publish","type":"page","link":"https:\/\/africasium.com\/?page_id=512","title":{"rendered":"Coporate services"},"content":{"rendered":"<p>Nous fournissons une gamme compl\u00e8te de services aux entreprises pour <strong>soutenir<\/strong> leurs <strong>op\u00e9rations commerciales&nbsp;:<\/strong><\/p>\n<ul>\n<li>Assistance pour les formalit\u00e9s de cr\u00e9ation d\u2019entreprise<\/li>\n<li>Soutien op\u00e9rationnel<\/li>\n<li>Recrutement de personnel local et assistance pour les d\u00e9marches li\u00e9es aux ressources humaines<\/li>\n<li>Services de traduction<\/li>\n<\/ul>\n","protected":false},"excerpt":{"rendered":"<p>Nous fournissons une gamme compl\u00e8te de services aux entreprises pour soutenir leurs op\u00e9rations commerciales&nbsp;: Assistance pour les formalit\u00e9s de cr\u00e9ation d\u2019entreprise Soutien op\u00e9rationnel Recrutement de personnel local et assistance pour les d\u00e9marches li\u00e9es aux ressources humaines Services de traduction<\/p>\n","protected":false},"author":1,"featured_media":0,"parent":0,"menu_order":0,"comment_status":"closed","ping_status":"closed","template":"","meta":{"footnotes":""},"class_list":["post-512","page","type-page","status-publish","hentry"],"_links":{"self":[{"href":"https:\/\/africasium.com\/index.php?rest_route=\/wp\/v2\/pages\/512"}],"collection":[{"href":"https:\/\/africasium.com\/index.php?rest_route=\/wp\/v2\/pages"}],"about":[{"href":"https:\/\/africasium.com\/index.php?rest_route=\/wp\/v2\/types\/page"}],"author":[{"embeddable":true,"href":"https:\/\/africasium.com\/index.php?rest_route=\/wp\/v2\/users\/1"}],"replies":[{"embeddable":true,"href":"https:\/\/africasium.com\/index.php?rest_route=%2Fwp%2Fv2%2Fcomments&post=512"}],"version-history":[{"count":12,"href":"https:\/\/africasium.com\/index.php?rest_route=\/wp\/v2\/pages\/512\/revisions"}],"predecessor-version":[{"id":2652,"href":"https:\/\/africasium.com\/index.php?rest_route=\/wp\/v2\/pages\/512\/revisions\/2652"}],"wp:attachment":[{"href":"https:\/\/africasium.com\/index.php?rest_route=%2Fwp%2Fv2%2Fmedia&parent=512"}],"curies":[{"name":"wp","href":"https:\/\/api.w.org\/{rel}","templated":true}]}}